{"id":8068,"date":"2019-11-26T01:49:59","date_gmt":"2019-11-26T01:49:59","guid":{"rendered":"http:\/\/2fac.animaker.com.br\/?page_id=7712"},"modified":"2021-07-23T15:15:17","modified_gmt":"2021-07-23T18:15:17","slug":"unidades-v2","status":"publish","type":"page","link":"https:\/\/ceafvm.animaker.com.br\/?page_id=8068","title":{"rendered":"Unidades"},"content":{"rendered":"<div class=\"container section-title-container\" ><h3 class=\"section-title section-title-normal\"><b aria-hidden=\"true\"><\/b><span class=\"section-title-main\" >Unidades<\/span><b aria-hidden=\"true\"><\/b><\/h3><\/div>\n<div class=\"row row-small\"  id=\"row-141529463\">\n\n\t<div id=\"col-1931358793\" class=\"col small-12 large-12\"  >\n\t\t\t\t<div class=\"col-inner\"  >\n\t\t\t\n\t\t\t\n<div class=\"accordion\">\n\t<div id=\"accordion-824196565\" class=\"accordion-item\">\n\t\t<a id=\"accordion-824196565-label\" class=\"accordion-title plain\" href=\"#accordion-item-farm\u00e1cia-de-vila-mariana\" aria-expanded=\"false\" aria-controls=\"accordion-824196565-content\">\n\t\t\t<button class=\"toggle\" aria-label=\"Toggle\"><i class=\"icon-angle-down\" aria-hidden=\"true\"><\/i><\/button>\n\t\t\t<span>Farm\u00e1cia de Vila Mariana<\/span>\n\t\t<\/a>\n\t\t<div id=\"accordion-824196565-content\" class=\"accordion-inner\" aria-labelledby=\"accordion-824196565-label\">\n\t\t\t\n<div class=\"row\"  id=\"row-593598320\">\n\n\t<div id=\"col-633494447\" class=\"col medium-6 small-12 large-6\"  >\n\t\t\t\t<div class=\"col-inner\"  >\n\t\t\t\n\t\t\t\n<p style=\"text-align: justify;\"><span style=\"font-weight: 400;\">A Unidade de Farm\u00e1cia da Vila Mariana atende \u00e0 demanda do Munic\u00edpio de S\u00e3o Paulo. Os Medicamentos dispensados aos pacientes fazem parte do Programa do Componente Especializado da Assist\u00eancia Farmac\u00eautica, Programa Estadual de Fibrose C\u00edstica, Resolu\u00e7\u00f5es Estaduais e Notas T\u00e9cnicas.<\/span><\/p>\n<p style=\"text-align: justify;\"><span style=\"font-weight: 400;\">Realiza o atendimento a 28.000 pacientes, mensalmente.<\/span><\/p>\n\t\t<\/div>\n\t\t\t\t\t<\/div>\n\n\t\n\n\t<div id=\"col-2133064784\" class=\"col medium-6 small-12 large-6\"  >\n\t\t\t\t<div class=\"col-inner\"  >\n\t\t\t\n\t\t\t\n<div class=\"slider-wrapper relative\" id=\"slider-1131778980\" >\n    <div class=\"slider slider-nav-circle slider-nav-large slider-nav-light slider-style-normal\"\n        data-flickity-options='{\n            \"cellAlign\": \"center\",\n            \"imagesLoaded\": true,\n            \"lazyLoad\": 1,\n            \"freeScroll\": false,\n            \"wrapAround\": true,\n            \"autoPlay\": 6000,\n            \"pauseAutoPlayOnHover\" : true,\n            \"prevNextButtons\": true,\n            \"contain\" : true,\n            \"adaptiveHeight\" : true,\n            \"dragThreshold\" : 10,\n            \"percentPosition\": true,\n            \"pageDots\": true,\n            \"rightToLeft\": false,\n            \"draggable\": true,\n            \"selectedAttraction\": 0.1,\n            \"parallax\" : 0,\n            \"friction\": 0.6        }'\n        >\n        \n\n  <div class=\"banner has-hover\" id=\"banner-917514906\">\n          <div class=\"banner-inner fill\">\n        <div class=\"banner-bg fill\" >\n            <img loading=\"lazy\" decoding=\"async\" width=\"600\" height=\"400\" src=\"https:\/\/ceafvm.animaker.com.br\/wp-content\/uploads\/sites\/143\/2016\/01\/fac-vm-02.jpg\" class=\"bg attachment-original size-original\" alt=\"\" \/>                                    \n                    <\/div>\n\t\t\n        <div class=\"banner-layers container\">\n            <div class=\"fill banner-link\"><\/div>            \n        <\/div>\n      <\/div>\n\n            \n<style>\n#banner-917514906 {\n  padding-top: 250px;\n}\n#banner-917514906 .banner-bg img {\n  object-position: 44% 26%;\n}\n<\/style>\n  <\/div>\n\n\n\n  <div class=\"banner has-hover\" id=\"banner-2120674295\">\n          <div class=\"banner-inner fill\">\n        <div class=\"banner-bg fill\" >\n            <img loading=\"lazy\" decoding=\"async\" width=\"600\" height=\"400\" src=\"https:\/\/ceafvm.animaker.com.br\/wp-content\/uploads\/sites\/143\/2015\/11\/fac-vm-03.jpg\" class=\"bg attachment-original size-original\" alt=\"\" \/>                                    \n                    <\/div>\n\t\t\n        <div class=\"banner-layers container\">\n            <div class=\"fill banner-link\"><\/div>            \n        <\/div>\n      <\/div>\n\n            \n<style>\n#banner-2120674295 {\n  padding-top: 250px;\n}\n#banner-2120674295 .banner-bg img {\n  object-position: 22% 40%;\n}\n<\/style>\n  <\/div>\n\n\n     <\/div>\n\n     <div class=\"loading-spin dark large centered\"><\/div>\n\n\t<\/div>\n\n\n\t\t<\/div>\n\t\t\t\t\t<\/div>\n\n\t\n<\/div>\n\t\t<\/div>\n\t<\/div>\n\t\n<\/div>\n\t\t<\/div>\n\t\t\t\t\t<\/div>\n\n\t\n<\/div>\n","protected":false},"excerpt":{"rendered":"","protected":false},"author":1,"featured_media":0,"parent":0,"menu_order":0,"comment_status":"closed","ping_status":"closed","template":"","meta":{"footnotes":""},"class_list":["post-8068","page","type-page","status-publish","hentry"],"_links":{"self":[{"href":"https:\/\/ceafvm.animaker.com.br\/index.php?rest_route=\/wp\/v2\/pages\/8068","targetHints":{"allow":["GET"]}}],"collection":[{"href":"https:\/\/ceafvm.animaker.com.br\/index.php?rest_route=\/wp\/v2\/pages"}],"about":[{"href":"https:\/\/ceafvm.animaker.com.br\/index.php?rest_route=\/wp\/v2\/types\/page"}],"author":[{"embeddable":true,"href":"https:\/\/ceafvm.animaker.com.br\/index.php?rest_route=\/wp\/v2\/users\/1"}],"replies":[{"embeddable":true,"href":"https:\/\/ceafvm.animaker.com.br\/index.php?rest_route=%2Fwp%2Fv2%2Fcomments&post=8068"}],"version-history":[{"count":0,"href":"https:\/\/ceafvm.animaker.com.br\/index.php?rest_route=\/wp\/v2\/pages\/8068\/revisions"}],"wp:attachment":[{"href":"https:\/\/ceafvm.animaker.com.br\/index.php?rest_route=%2Fwp%2Fv2%2Fmedia&parent=8068"}],"curies":[{"name":"wp","href":"https:\/\/api.w.org\/{rel}","templated":true}]}}